{"id":1564,"date":"2026-04-14T13:28:39","date_gmt":"2026-04-14T11:28:39","guid":{"rendered":"https:\/\/ecoledurire.com\/go\/?page_id=1564"},"modified":"2026-04-14T14:24:52","modified_gmt":"2026-04-14T12:24:52","slug":"yoga-du-rire-intervenant-seniors-certifie","status":"publish","type":"page","link":"https:\/\/ecoledurire.com\/go\/yoga-du-rire-intervenant-seniors-certifie\/","title":{"rendered":"Intervenant.e certifi\u00e9 s\u00e9niors"},"content":{"rendered":"<h1 style=\"text-align: center;\"><strong><span style=\"\"><span style=\"\">Animez des ateliers<\/span><\/span><\/strong><strong><span style=\"\">&nbsp;qui am\u00e8nent de la joie et du r\u00e9confort aux s\u00e9niors<\/span><\/strong><\/h1>\n<h1><strong><span><span>Masterclass vid\u00e9o d&rsquo;une heure + un coaching individuel avec Julien Peschot pour valider votre certification.<\/span><\/span><\/strong><\/h1>\n<h1 style=\"text-align: center;\">Vous connaissez s\u00fbrement d\u00e9j\u00e0 \u00e7a&#8230;<\/h1>\n<ul>\n<li><span><strong><strong>Vous animez des s\u00e9ances de yoga du rire avec des adultes, mais face aux s\u00e9niors vous vous sentez moins \u00e0 l&rsquo;aise.<\/strong><\/strong><br \/><span style=\"--tcb-applied-color: var$(--tcb-color-9) !important; color: var(--tcb-color-9) !important;\">Leur rythme est diff\u00e9rent, leurs limites aussi, et vous ne savez pas toujours comment adapter.<\/span><\/span><\/li>\n<li><span><strong><strong>Vous intervenez d\u00e9j\u00e0 en EHPAD ou en r\u00e9sidence, mais vous manquez d&rsquo;outils concrets.<\/strong><\/strong><br \/><span style=\"--tcb-applied-color: var$(--tcb-color-9) !important; color: var(--tcb-color-9) !important;\">Les exercices habituels ne fonctionnent pas toujours, et vous repartez avec la sensation de ne pas avoir r\u00e9ussi \u00e0 cr\u00e9er la connexion que vous souhaitiez.<\/span><\/span><\/li>\n<li><span><strong><strong>Vous aimeriez proposer vos services \u00e0 des \u00e9tablissements m\u00e9dico-sociaux, mais vous n&rsquo;osez pas encore.&nbsp;<\/strong><\/strong><br \/><span style=\"--tcb-applied-color: var$(--tcb-color-9) !important; color: var(--tcb-color-9) !important;\">Vous n&rsquo;avez pas de certification sp\u00e9cifique, et vous ne vous sentez pas l\u00e9gitime de proposer vos services \u00e0 ces institutions.<\/span><\/span><\/li>\n<\/ul>\n<p style=\"text-align: center;\"><span style=\"--tcb-applied-color: var$(--tcb-color-9) !important; color: var(--tcb-color-9) !important;\"><strong><br \/>Acc\u00e9dez \u00e0 la formation vid\u00e9o en replay<\/strong> et apprenez plus de 20 jeux et activit\u00e9s test\u00e9s avec les s\u00e9niors, adapt\u00e9s \u00e0 tous les publics, avec&nbsp;<strong>un accompagnement personnalis\u00e9 pour valider votre certification.<\/strong><br \/><\/span><\/p>\n<h2 style=\"text-align: center;\"><strong>\u00c0 qui s&rsquo;adresse la masterclass?&nbsp;<\/strong><\/h2>\n<p>Cette formation s&rsquo;adresse aux <strong>Animateurs Certifi\u00e9s de Yoga du Rire<\/strong> qui souhaitent se sp\u00e9cialiser dans l&rsquo;accompagnement des personnes \u00e2g\u00e9es.<\/p>\n<p>Elle est faite pour vous si vous \u00eates :<\/p>\n<h4><strong><strong>Animateur.trice de yoga du rire<\/strong><\/strong><\/h4>\n<p>Vous souhaitez ouvrir votre activit\u00e9 aux EHPAD, r\u00e9sidences seniors ou structures sociales.<\/p>\n<h4><strong><strong>Soignant.e, aide-soignant.e ou animateur.e en \u00e9tablissement&nbsp;<\/strong><\/strong><\/h4>\n<p>Vous cherchez des outils ludiques et bienveillants pour enrichir vos s\u00e9ances.<\/p>\n<p><!--! Font Awesome Free 6.7.1 by @fontawesome - https:\/\/fontawesome.com License - https:\/\/fontawesome.com\/license\/free (Icons: CC BY 4.0, Fonts: SIL OFL 1.1, Code: MIT License) Copyright 2024 Fonticons, Inc. --><\/p>\n<h4><strong><strong>Professionnel du bien-\u00eatre&nbsp;<\/strong><\/strong><\/h4>\n<p style=\"text-align: left;\">Vous accompagnez d\u00e9j\u00e0 des s\u00e9niors et vous souhaitez aller plus loin avec une m\u00e9thode structur\u00e9e et certifiante.<\/p>\n<h2><strong>Qu&rsquo;est-ce qu&rsquo;\u00eatre Intervenant\u00b7e S\u00e9niors Certifi\u00e9\u00b7e ?<br \/><\/strong><\/h2>\n<p>C&rsquo;est ma\u00eetriser une <strong><span style=\"--tcb-applied-color: var$(--tcb-color-11) !important; color: var(--tcb-color-11) !important;\">approche compl\u00e8te et bienveillante du rire<\/span><\/strong> et du jeu, sp\u00e9cialement adapt\u00e9e aux personnes \u00e2g\u00e9es.<\/p>\n<p>Vous n&rsquo;allez pas imposer, sur-solliciter ou forcer le sourire :<strong><span style=\"--tcb-applied-color: var$(--tcb-color-11) !important; color: var(--tcb-color-11) !important;\"> vous apprenez \u00e0 cr\u00e9er un espace o\u00f9 la joie \u00e9merge naturellement, au rythme de chacun.<\/span><\/strong><\/p>\n<p><strong>Ce que vous gagnez concr\u00e8tement :<\/strong><\/p>\n<ul>\n<li>Une bo\u00eete \u00e0 outils de plus de 20 jeux directement utilisables, test\u00e9s et approuv\u00e9s avec les s\u00e9niors<\/li>\n<li>Une posture professionnelle adapt\u00e9e : faire avec, respecter le rythme, ajuster selon les capacit\u00e9s et les envies<\/li>\n<li>La capacit\u00e9 de structurer une s\u00e9ance compl\u00e8te, de l&rsquo;accueil \u00e0 la cl\u00f4ture, pour n&rsquo;importe quel groupe de s\u00e9niors<\/li>\n<li>Une certification officielle de l&rsquo;\u00c9cole Internationale du Rire, valid\u00e9e par un coaching individuel avec Julien Peschot<\/li>\n<\/ul>\n<p style=\"\"><em>\u00ab\u00a0<\/em><em><strong>Lors de notre \u00e9valuation HAS&nbsp;<\/strong>en janvier dernier, j&rsquo;ai propos\u00e9 aux \u00e9valuateurs d&rsquo;assister \u00e0 une s\u00e9ance de notre club de rire. Ils ont observ\u00e9, ils ont particip\u00e9. Et ils ont \u00e9t\u00e9 estomaqu\u00e9s des r\u00e9sultats sur les participants.<\/em><\/p>\n<p><strong><em>On a d\u00e9croch\u00e9 une \u00e9toile pour \u00e7a.<\/em><\/strong><br \/><strong><em><\/em><\/strong><\/p>\n<p><em>Notre club de rire, ce n&rsquo;est pas une fois par mois, on se voit toutes les semaines, parfois plus, de mani\u00e8re informelle.<\/em><br \/><em>&nbsp;<\/em><br \/><em><strong>Il y a des r\u00e9sidents de 98 ans qui participent.<\/strong> Et j&rsquo;ai trouv\u00e9 une technique : je fais semblant de ne plus me souvenir des rires, c&rsquo;est eux qui les ram\u00e8nent. <\/em><\/p>\n<p><em>Exercice de m\u00e9moire, complicit\u00e9, joie partag\u00e9e.<\/em><\/p>\n<p><em>C&rsquo;est beau \u00e0 voir.\u00a0\u00bb&nbsp;<\/em><\/p>\n<p style=\"\">David Leroy &#8211; Directeur d\u2019Ehpad<\/p>\n<h2 style=\"text-align: center;\"><strong>LE PROGRAMME&nbsp;<br \/><\/strong><\/h2>\n<p style=\"text-align: center;\"><strong>1H de replay et 30 minutes de coaching individuel avec Julien Peschot<\/strong><\/p>\n<p style=\"text-align: center;\"><\/p>\n<p><strong>Comprendre le public s\u00e9nior :<\/strong> les sp\u00e9cificit\u00e9s physiques, cognitives et \u00e9motionnelles \u00e0 prendre en compte pour animer en toute s\u00e9curit\u00e9 et en toute bienveillance.<\/p>\n<p><strong>Structurer une s\u00e9ance de A \u00e0 Z :<\/strong> accueil, mise en mouvement, jeux de lien et de cr\u00e9ativit\u00e9, temps calme et cl\u00f4ture \u2014 un cadre clair et adaptable \u00e0 tous les contextes.<\/p>\n<p><strong>Plus de 20 jeux directement utilisables :<\/strong> pizza imaginaire, incroyables talents, bo\u00eete \u00e0 souvenirs, et bien d&rsquo;autres&#8230; Des activit\u00e9s qui cr\u00e9ent du lien, stimulent la m\u00e9moire et apportent une vraie joie partag\u00e9e.<\/p>\n<p><strong>La posture de l&rsquo;intervenant\u00b7e s\u00e9niors :<\/strong> comment observer, s&rsquo;adapter, ne pas forcer, et rester dans un accompagnement doux et respectueux du rythme de chacun.<\/p>\n<h3 style=\"\">Votre formateur&nbsp;<\/h3>\n<p style=\"\">Julien Peschot est Master Trainer officiel de l&rsquo;\u00c9cole Internationale du Rire, doublement certifi\u00e9 par le Dr Madan Kataria et l&rsquo;\u00c9cole Internationale du Rire. Depuis plus de 25 ans, il forme des professionnels du rire pour intervenir dans les entreprises, les \u00e9tablissements de sant\u00e9 et les structures sociales. Il est \u00e9galement laur\u00e9at du Prix du Meilleur Animateur de Jeux au Monde. Avec Julien, vous apprenez d&rsquo;un expert qui conna\u00eet pr\u00e9cis\u00e9ment les r\u00e9alit\u00e9s du terrain et qui vous accompagne personnellement jusqu&rsquo;\u00e0 la validation de votre certification.<\/p>\n<h2 style=\"text-align: center;\">Le tarif<\/h2>\n<p><a href=\"#\"><span style=\"\"><span style=\"\">Monthly<\/span><\/span><\/a><\/p>\n<p style=\"text-align: center;\"><strong>Formation compl\u00e8te certifiante&nbsp; + Coaching 30 minutes inclus<\/strong><\/p>\n<p style=\"\"><strong>Devenez &nbsp;intervenant.e S\u00e9niors certifi\u00e9.e<\/strong><\/p>\n<p style=\"\">\n<p style=\"\"><strong>149\u20ac<\/strong><\/p>\n<ul>\n<li><span style=\"\">L&rsquo;acc\u00e8s<strong> imm\u00e9diat et permanent <\/strong>au replay de la formation<strong><br \/><\/strong><\/span><\/li>\n<li><span style=\"\">Un dossier complet des ressources :<strong> livret, fiches jeux, bonus et supports d&rsquo;animation<\/strong><\/span><\/li>\n<li><span><strong>30 minutes de coaching individuel <\/strong>avec Julien Peschot, incluses et obligatoires pour valider votre certification (\u00e0 prendre dans les 3 mois suivant votre acc\u00e8s)<br \/><\/span><\/li>\n<li><span><strong>La certification officielle <\/strong>Intervenant\u00b7e S\u00e9niors Certifi\u00e9\u00b7e de l&rsquo;\u00c9cole Internationale du Rire<\/span><\/li>\n<\/ul>\n<h3>Une question ? Appelez-nous au +33 6 25 70 69 36<\/h3>\n<p><span><a href=\"#top\" spellcheck=\"false\"><img decoding=\"async\" alt=\"\" data-id=\"366\" width=\"60\" data-init-width=\"2000\" height=\"60\" data-init-height=\"2000\" title=\"\" loading=\"lazy\" src=\"\/\/ecoledurire.com\/go\/wp-content\/uploads\/arrowup.png\" data-width=\"60\" data-height=\"60\" style=\"aspect-ratio: auto 2000 \/ 2000;\" data-link-wrap=\"true\"><\/a><\/span><\/p>\n<p style=\"text-align: center;\">2002 &#8211; <span data-attr-id=\"Y\" data-extra_key=\"Y\" data-option-inline=\"1\" data-shortcode=\"thrv_dynamic_data_date\" data-shortcode-name=\"Year (2029)\">2026<\/span> \u00a9 <span style=\"font-size: 16px !important;\">Ecole Internationale du Rire<\/span> &#8211; Tous droits r\u00e9serv\u00e9s pour tous les pays<\/p>\n","protected":false},"excerpt":{"rendered":"<p>Animez des ateliers&nbsp;qui am\u00e8nent de la joie et du r\u00e9confort aux s\u00e9niors Masterclass vid\u00e9o d&rsquo;une heure + un coaching individuel avec Julien Peschot pour valider votre certification. Vous connaissez s\u00fbrement d\u00e9j\u00e0 \u00e7a&#8230; Vous animez des s\u00e9ances de yoga du rire avec des adultes, mais face aux s\u00e9niors vous vous sentez moins \u00e0 l&rsquo;aise.Leur rythme est [&hellip;]<\/p>\n","protected":false},"author":5,"featured_media":0,"parent":0,"menu_order":0,"comment_status":"closed","ping_status":"closed","template":"","meta":{"footnotes":""},"folder":[],"class_list":["post-1564","page","type-page","status-publish","hentry","post-wrapper","thrv_wrapper"],"_links":{"self":[{"href":"https:\/\/ecoledurire.com\/go\/wp-json\/wp\/v2\/pages\/1564","targetHints":{"allow":["GET"]}}],"collection":[{"href":"https:\/\/ecoledurire.com\/go\/wp-json\/wp\/v2\/pages"}],"about":[{"href":"https:\/\/ecoledurire.com\/go\/wp-json\/wp\/v2\/types\/page"}],"author":[{"embeddable":true,"href":"https:\/\/ecoledurire.com\/go\/wp-json\/wp\/v2\/users\/5"}],"replies":[{"embeddable":true,"href":"https:\/\/ecoledurire.com\/go\/wp-json\/wp\/v2\/comments?post=1564"}],"version-history":[{"count":27,"href":"https:\/\/ecoledurire.com\/go\/wp-json\/wp\/v2\/pages\/1564\/revisions"}],"predecessor-version":[{"id":1597,"href":"https:\/\/ecoledurire.com\/go\/wp-json\/wp\/v2\/pages\/1564\/revisions\/1597"}],"wp:attachment":[{"href":"https:\/\/ecoledurire.com\/go\/wp-json\/wp\/v2\/media?parent=1564"}],"wp:term":[{"taxonomy":"folder","embeddable":true,"href":"https:\/\/ecoledurire.com\/go\/wp-json\/wp\/v2\/folder?post=1564"}],"curies":[{"name":"wp","href":"https:\/\/api.w.org\/{rel}","templated":true}]}}