{"id":467,"date":"2025-03-12T11:01:10","date_gmt":"2025-03-12T10:01:10","guid":{"rendered":"https:\/\/ecoledurire.com\/go\/?page_id=467"},"modified":"2025-11-27T15:44:25","modified_gmt":"2025-11-27T14:44:25","slug":"pdp_rigologue-certifie_option1","status":"publish","type":"page","link":"https:\/\/ecoledurire.com\/go\/pdp_rigologue-certifie_option1\/","title":{"rendered":"PDP_Rigologue-Certifi\u00e9_Option1_1490"},"content":{"rendered":"<p><span><img decoding=\"async\" alt=\"\" data-id=\"483\" width=\"346\" data-init-width=\"502\" height=\"69\" data-init-height=\"100\" title=\"logo-ecole-internationale-du-rire\" src=\"\/\/ecoledurire.com\/go\/wp-content\/uploads\/logo-ecole-internationale-du-rire.jpeg\" data-width=\"346\" data-height=\"69\" style=\"aspect-ratio: auto 502 \/ 100;\" loading=\"lazy\"><\/span><\/p>\n<h1 style=\"text-align: center;\">Pour s\u00e9curiser votre place dans la formation de Rigologue Certifi\u00e9, remplissez le formulaire ci-dessous:<\/h1>\n<p>[tcb-script async=\u00a0\u00bb\u00a0\u00bb src=\u00a0\u00bb\/\/tinder.thrivecart.com\/embed\/v2\/thrivecart.js\u00a0\u00bb id=\u00a0\u00bbtc-ecoledurire-9-Y70HMC\u00a0\u00bb][\/tcb-script]<span><img decoding=\"async\" alt=\"\" data-id=\"2496\" width=\"274\" data-init-width=\"599\" height=\"86\" data-init-height=\"188\" title=\"paiement-securise\" src=\"http:\/\/ecoledurire.com\/go\/wp-content\/uploads\/paiement-securise.png\" data-width=\"274\" data-height=\"86\" style=\"aspect-ratio: auto 599 \/ 188;\" loading=\"lazy\"><\/span><span><img decoding=\"async\" alt=\"\" data-id=\"2505\" width=\"134\" data-init-width=\"389\" height=\"154\" data-init-height=\"447\" title=\"satisfaction-garantie\" src=\"http:\/\/ecoledurire.com\/go\/wp-content\/uploads\/satisfaction-garantie.png\" data-width=\"134\" data-height=\"154\" style=\"aspect-ratio: auto 389 \/ 447;\" loading=\"lazy\"><\/span><\/p>\n<p style=\"\">Garantie Inconditionnelle de Satisfaction:<\/p>\n<p style=\"\">\u00a0\u00bb Nous sommes tellement certains de la qualit\u00e9 de notre formation que nous prenons tout le risque \u00e0 notre charge:&nbsp;<\/p>\n<p style=\"\">Si d\u2019ici la fin de la 1\u00e8re journ\u00e9e vous vous sentez moins qu\u2019enchant\u00e9(e) par la formation et que vous souhaitez l\u2019arr\u00eater, dites le nous et on vous rembourse, c\u2019est aussi simple que \u00e7a ! \u00ab\u00a0<\/p>\n<p style=\"text-align: right;\">&#8211; Corinne Cosseron<\/p>\n<p style=\"text-align: center;\"><b>Voici ce que vous obtenez en s\u00e9curisant votre place d\u00e8s maintenant:<\/b><\/p>\n<ul>\n<li style=\"\"><!--! Font Awesome Free 6.7.1 by @fontawesome - https:\/\/fontawesome.com License - https:\/\/fontawesome.com\/license\/free (Icons: CC BY 4.0, Fonts: SIL OFL 1.1, Code: MIT License) Copyright 2024 Fonticons, Inc. --><span style=\"\">La <strong>formation certifiante de 5 jours<\/strong> pour devenir un Rigologue professionnel<\/span><\/li>\n<li style=\"\"><!--! Font Awesome Free 6.7.1 by @fontawesome - https:\/\/fontawesome.com License - https:\/\/fontawesome.com\/license\/free (Icons: CC BY 4.0, Fonts: SIL OFL 1.1, Code: MIT License) Copyright 2024 Fonticons, Inc. --><span style=\"\">Le <strong>manuel complet de la formation<\/strong>, r\u00e9dig\u00e9 par Corinne Cosseron, la cr\u00e9atrice de la Rigologie<\/span><\/li>\n<li style=\"\"><!--! Font Awesome Free 6.7.1 by @fontawesome - https:\/\/fontawesome.com License - https:\/\/fontawesome.com\/license\/free (Icons: CC BY 4.0, Fonts: SIL OFL 1.1, Code: MIT License) Copyright 2024 Fonticons, Inc. --><span style=\"\">Un <strong>acc\u00e8s \u00c0 VIE \u00e0 une s\u00e9rie de vid\u00e9os compl\u00e9mentaires<\/strong>: pour vous rem\u00e9morer \u00e0 volont\u00e9 les diff\u00e9rents jeux ainsi que votre pratique compl\u00e8te du Cercle de Joie\u2026 &nbsp;<\/span><\/li>\n<li style=\"\"><!--! Font Awesome Free 6.7.1 by @fontawesome - https:\/\/fontawesome.com License - https:\/\/fontawesome.com\/license\/free (Icons: CC BY 4.0, Fonts: SIL OFL 1.1, Code: MIT License) Copyright 2024 Fonticons, Inc. --><span style=\"\"><strong>Un magnifique DIPL\u00d4ME DE RIGOLOGUE \u00e0 encadrer<\/strong>: pour confirmer votre l\u00e9gitimit\u00e9 en tant que Rigologue Certifi\u00e9<\/span><\/li>\n<\/ul>\n<p><span><img decoding=\"async\" alt=\"\" data-id=\"405\" width=\"255\" data-init-width=\"1789\" height=\"182\" data-init-height=\"1276\" title=\"\" loading=\"lazy\" src=\"\/\/ecoledurire.com\/go\/wp-content\/uploads\/Copie-de-MODELE-CERTIFICAT-RIGOLOGUE-Pourquoi-pas-toi-1.jpg\" data-width=\"255\" data-height=\"182\" style=\"aspect-ratio: auto 1789 \/ 1276;\"><\/span><\/p>\n<ul>\n<li style=\"\"><!--! Font Awesome Free 6.7.1 by @fontawesome - https:\/\/fontawesome.com License - https:\/\/fontawesome.com\/license\/free (Icons: CC BY 4.0, Fonts: SIL OFL 1.1, Code: MIT License) Copyright 2024 Fonticons, Inc. --><span style=\"\">L\u2019acc\u00e8s \u00e0 <strong>un groupe priv\u00e9 sur Facebook\u2122 qui r\u00e9unit tous les Rigologues certifi\u00e9s du monde entier<\/strong>: pour \u00e9changer entre pairs sur vos pratiques, obtenir et donner des conseils, etc.<\/span><\/li>\n<li style=\"\"><!--! Font Awesome Free 6.7.1 by @fontawesome - https:\/\/fontawesome.com License - https:\/\/fontawesome.com\/license\/free (Icons: CC BY 4.0, Fonts: SIL OFL 1.1, Code: MIT License) Copyright 2024 Fonticons, Inc. --><span style=\"\">L\u2019acc\u00e8s \u00e0 <strong>un groupe WhatsApp\u2122 avec uniquement les participants de votre groupe de formation: pour garder contact et partager vos astuces et vos victoires<\/strong> avec ces personnes qui seront devenues vos amis et qui comprennent votre r\u00e9alit\u00e9.<\/span><\/li>\n<li style=\"\"><!--! Font Awesome Free 6.7.1 by @fontawesome - https:\/\/fontawesome.com License - https:\/\/fontawesome.com\/license\/free (Icons: CC BY 4.0, Fonts: SIL OFL 1.1, Code: MIT License) Copyright 2024 Fonticons, Inc. --><span style=\"\"><strong>2 s\u00e9ances en visio 3 mois et 6 mois apr\u00e8s votre formation<\/strong>, avec tout le groupe et le formateur, pour faire le point sur votre avanc\u00e9e, r\u00e9pondre \u00e0 toutes vos questions, etc.<\/span><\/li>\n<li style=\"\"><!--! Font Awesome Free 6.7.1 by @fontawesome - https:\/\/fontawesome.com License - https:\/\/fontawesome.com\/license\/free (Icons: CC BY 4.0, Fonts: SIL OFL 1.1, Code: MIT License) Copyright 2024 Fonticons, Inc. --><span><strong>Vous n\u2019\u00eates pas \u201cl\u00e2ch\u00e9 dans la nature\u201d apr\u00e8s votre formation: <\/strong>vous b\u00e9n\u00e9ficiez d\u2019un acc\u00e8s privil\u00e9gi\u00e9 au formateur pour lui poser vos questions si vous rencontrez un challenge particulier dans votre activit\u00e9 de Rigologue.<\/span><\/li>\n<\/ul>\n<p><span><img decoding=\"async\" alt=\"\" data-id=\"2502\" width=\"171\" data-init-width=\"558\" height=\"68\" data-init-height=\"224\" title=\"paiement-securise-vu\" src=\"http:\/\/ecoledurire.com\/go\/wp-content\/uploads\/paiement-securise-vu.png\" data-width=\"171\" data-height=\"68\" style=\"aspect-ratio: auto 558 \/ 224;\" loading=\"lazy\"><\/span><span><img decoding=\"async\" alt=\"\" data-id=\"2501\" width=\"171\" data-init-width=\"922\" height=\"77\" data-init-height=\"418\" title=\"satisfaction-garantie-bande\" src=\"http:\/\/ecoledurire.com\/go\/wp-content\/uploads\/satisfaction-garantie-bande.png\" data-width=\"171\" data-height=\"77\" style=\"aspect-ratio: auto 922 \/ 418;\" loading=\"lazy\"><\/span><\/p>\n<p style=\"text-align: center;\"><b>T\u00e9moignages de clients:<\/b><\/p>\n<p>  <span><a href=\"#top\"><img decoding=\"async\" alt=\"\" data-id=\"366\" width=\"60\" data-init-width=\"2000\" height=\"60\" data-init-height=\"2000\" title=\"\" loading=\"lazy\" src=\"\/\/ecoledurire.com\/go\/wp-content\/uploads\/arrowup.png\" data-width=\"60\" data-height=\"60\" style=\"aspect-ratio: auto 2000 \/ 2000;\" data-link-wrap=\"true\"><\/a><\/span>__CONFIG_colors_palette__%s__CONFIG_colors_palette__        <a href=\"javascript:void(0)\"><\/a> <\/p>\n<ul id=\"m-19589dd053c\">\n<li id=\"menu-item-362\" data-id=\"362\" data-item-display-desktop=\"text\" ><a href=\"https:\/\/ecoledurire.com\/mentions-legales\/\"><span>Mentions L\u00e9gales<\/span><\/a><\/li>\n<li id=\"menu-item-363\" data-id=\"363\" data-item-display-desktop=\"text\" ><a href=\"https:\/\/ecoledurire.com\/politique-de-confidentialite\/\"><span>Politique de Confidentialit\u00e9<\/span><\/a><\/li>\n<li id=\"menu-item-364\" data-id=\"364\" data-item-display-desktop=\"text\" ><a href=\"https:\/\/ecoledurire.com\/conditions-generales-utilisation\/\"><span>Conditions G\u00e9n\u00e9rales de Vente<\/span><\/a><\/li>\n<li id=\"menu-item-379\" data-id=\"379\" data-item-display-desktop=\"text\" ><a href=\"https:\/\/ecoledurire.com\/contact\/\"><span>Contact<\/span><\/a><\/li>\n<\/ul>\n<p style=\"text-align: center;\">2002 &#8211; <span data-attr-id=\"Y\" data-extra_key=\"Y\" data-option-inline=\"1\" data-shortcode=\"thrv_dynamic_data_date\" data-shortcode-name=\"Year (2029)\">2025<\/span> \u00a9 <span style=\"font-size: 16px !important;\">Ecole Internationale du Rire<\/span> &#8211; Tous droits r\u00e9serv\u00e9s pour tous les pays<\/p>\n<p style=\"text-align: center;\">Site Internet con\u00e7u et r\u00e9alis\u00e9 par <span style=\"font-size: 16px !important;\">E-Xpertise Agency<\/span><\/p>\n","protected":false},"excerpt":{"rendered":"<p>Pour s\u00e9curiser votre place dans la formation de Rigologue Certifi\u00e9, remplissez le formulaire ci-dessous: [tcb-script async=\u00a0\u00bb\u00a0\u00bb src=\u00a0\u00bb\/\/tinder.thrivecart.com\/embed\/v2\/thrivecart.js\u00a0\u00bb id=\u00a0\u00bbtc-ecoledurire-9-Y70HMC\u00a0\u00bb][\/tcb-script] Garantie Inconditionnelle de Satisfaction: \u00a0\u00bb Nous sommes tellement certains de la qualit\u00e9 de notre formation que nous prenons tout le risque \u00e0 notre charge:&nbsp; Si d\u2019ici la fin de la 1\u00e8re journ\u00e9e vous vous sentez moins qu\u2019enchant\u00e9(e) [&hellip;]<\/p>\n","protected":false},"author":1,"featured_media":0,"parent":0,"menu_order":0,"comment_status":"closed","ping_status":"closed","template":"","meta":{"footnotes":""},"folder":[25],"class_list":["post-467","page","type-page","status-publish","hentry","post-wrapper","thrv_wrapper"],"_links":{"self":[{"href":"https:\/\/ecoledurire.com\/go\/wp-json\/wp\/v2\/pages\/467","targetHints":{"allow":["GET"]}}],"collection":[{"href":"https:\/\/ecoledurire.com\/go\/wp-json\/wp\/v2\/pages"}],"about":[{"href":"https:\/\/ecoledurire.com\/go\/wp-json\/wp\/v2\/types\/page"}],"author":[{"embeddable":true,"href":"https:\/\/ecoledurire.com\/go\/wp-json\/wp\/v2\/users\/1"}],"replies":[{"embeddable":true,"href":"https:\/\/ecoledurire.com\/go\/wp-json\/wp\/v2\/comments?post=467"}],"version-history":[{"count":17,"href":"https:\/\/ecoledurire.com\/go\/wp-json\/wp\/v2\/pages\/467\/revisions"}],"predecessor-version":[{"id":1176,"href":"https:\/\/ecoledurire.com\/go\/wp-json\/wp\/v2\/pages\/467\/revisions\/1176"}],"wp:attachment":[{"href":"https:\/\/ecoledurire.com\/go\/wp-json\/wp\/v2\/media?parent=467"}],"wp:term":[{"taxonomy":"folder","embeddable":true,"href":"https:\/\/ecoledurire.com\/go\/wp-json\/wp\/v2\/folder?post=467"}],"curies":[{"name":"wp","href":"https:\/\/api.w.org\/{rel}","templated":true}]}}