{"id":684,"date":"2025-07-23T21:57:50","date_gmt":"2025-07-23T19:57:50","guid":{"rendered":"https:\/\/ecoledurire.com\/go\/?page_id=684"},"modified":"2026-03-20T19:57:20","modified_gmt":"2026-03-20T18:57:20","slug":"pdv_presentation-formation-coach-de-rire-certifie","status":"publish","type":"page","link":"https:\/\/ecoledurire.com\/go\/pdv_presentation-formation-coach-de-rire-certifie\/","title":{"rendered":"PDV_Pr\u00e9sentation Formation Coach de Rire Certifi\u00e9"},"content":{"rendered":"<h1 style=\"text-align: center; color: #ffffff !important; --tcb-applied-color: #ffffff !important;\">Deviens Coach de Rire Certifi\u00e9.<\/h1>\n<h1 style=\"text-align: center; color: #ffffff !important; --tcb-applied-color: #ffffff !important;\">\u00a0Et si tu pouvais accompagner une personne en profondeur gr\u00e2ce au yoga du rire&#8230; avec la m\u00eame magie que tu cr\u00e9es en groupe?<\/h1>\n<h2 style=\"text-align: center;\">Du groupe au face-\u00e0-face : apprends \u00e0 accompagner avec le rire en individuel.<\/h2>\n<p><img loading=\"lazy\" decoding=\"async\" style=\"aspect-ratio: auto 1080 \/ 720;\" title=\"Photo by Surface\" src=\"\/\/ecoledurire.com\/go\/wp-content\/uploads\/X1GZqv-F7Tw.jpg\" alt=\"a person sitting on a couch with a laptop\" width=\"621\" height=\"414\" data-id=\"687\" data-init-width=\"1080\" data-init-height=\"720\" data-width=\"621\" data-height=\"414\" \/><\/p>\n<h2 style=\"text-align: center;\">Tu es animateur de Yoga du Rire et tu adores faire rire tes groupes.<\/h2>\n<p>&nbsp;<\/p>\n<p style=\"text-align: center;\" data-end=\"661\" data-start=\"442\"><span style=\"font-size: 20px !important;\">Mais parfois, tu ressens le besoin d\u2019aller <strong data-end=\"577\" data-start=\"564\">plus loin<\/strong>, d\u2019accompagner <strong data-end=\"610\" data-start=\"593\">en individuel<\/strong>, de fa\u00e7on plus personnalis\u00e9e.\u00a0<\/span><\/p>\n<p style=\"text-align: center;\" data-end=\"661\" data-start=\"442\">\n<p style=\"text-align: center;\" data-end=\"743\" data-start=\"663\"><span style=\"font-size: 20px !important;\">\u00a0C\u2019est exactement ce que t&rsquo;apporte la\u00a0<\/span><strong data-end=\"742\" data-start=\"705\"><span style=\"font-size: 20px !important;\">formation Coach de Rire Certifi\u00e9.\u00a0<\/span><\/strong><\/p>\n<p style=\"text-align: center;\" data-end=\"743\" data-start=\"663\"><span style=\"font-size: 20px !important;\">Cette formation te permet de :<\/span><\/p>\n<ul>\n<li>Rajouter une nouvelle corde \u00e0 ton arc : tu passes de l&rsquo;animation \u00e0 l&rsquo;accompagnement&#8230;<\/li>\n<li>\u2026Pour aller plus loin avec les personnes qui ne parviennent pas \u00e0 rire en groupe&#8230;<\/li>\n<li>\u2026 Pouvoir leur apporter un accompagnement individuel sur-mesure&#8230;<\/li>\n<li>\u2026Tout en devenant toi-m\u00eame plus joyeux, plus serein gr\u00e2ce \u00e0 ce perfectionnement, et un v\u00e9ritable soleil pour ton entourage<\/li>\n<li>\u2026Contribuant ainsi \u00e0 un v\u00e9ritable Mouvement pour un monde meilleur et plus joyeux<\/li>\n<\/ul>\n<h3 style=\"text-align: center;\">Alors la formation \u00ab\u00a0Coach de Rire Certifi\u00e9\u00a0\u00bb est pour toi !<\/h3>\n<p><img loading=\"lazy\" decoding=\"async\" style=\"aspect-ratio: auto 1920 \/ 684;\" title=\"\" src=\"\/\/ecoledurire.com\/go\/wp-content\/uploads\/4.jpg\" alt=\"\" width=\"1020\" height=\"364\" data-id=\"104\" data-init-width=\"1920\" data-init-height=\"684\" data-width=\"1020\" data-height=\"364\" \/><\/p>\n<h1 style=\"text-align: center;\">Qu\u2019est-ce qu&rsquo;\u00eatre Coach du Rire?<\/h1>\n<p><span style=\"--tcb-applied-color: #ffffff !important; color: #ffffff !important; font-size: 20px !important;\">La formation <strong data-end=\"616\" data-start=\"590\">Coach du Rire Certifi\u00e9<\/strong> te permet de ma\u00eetriser un <strong data-end=\"683\" data-start=\"643\">protocole professionnel en 8 s\u00e9ances<\/strong> pour accompagner toute personne \u00e0 :<br \/>\n\u2022 Retrouver un rire authentique et lib\u00e9rateur,<br data-start=\"766\" data-end=\"769\" \/>\u2022 Diminuer stress, tensions et blocages,<br data-start=\"809\" data-end=\"812\" \/>\u2022 Te reconnecter \u00e0 ta joie int\u00e9rieure,<br data-start=\"850\" data-end=\"853\" \/>\u2022 Recr\u00e9er une harmonie corps\u2013esprit, en pr\u00e9sentiel, \u00e0 distance ou par t\u00e9l\u00e9phone.<\/span><\/p>\n<h1 style=\"text-align: center;\">Coach de Rire, c\u2019est pour qui ?<\/h1>\n<p><img loading=\"lazy\" decoding=\"async\" style=\"aspect-ratio: auto 1080 \/ 1080;\" title=\"\" src=\"\/\/ecoledurire.com\/go\/wp-content\/uploads\/Design-sans-titre-30.png\" alt=\"\" width=\"331\" height=\"331\" data-id=\"170\" data-init-width=\"1080\" data-init-height=\"1080\" data-width=\"331\" data-height=\"331\" \/><\/p>\n<p dir=\"ltr\" style=\"text-align: center;\">La formation de Coach de Rire s&rsquo;adresse \u00e0 tous les<strong>\u00a0Animateurs de Yoga du Rire <\/strong><span style=\"text-decoration: underline;\">ayant au moins 1 an de pratique r\u00e9guli\u00e8re<\/span><\/p>\n<p dir=\"ltr\">Elle<strong>\u00a0<\/strong>peut venir compl\u00e9ter l&rsquo;animation traditionnelle.<\/p>\n<p dir=\"ltr\">Elle s&rsquo;adresse aux :<\/p>\n<ul>\n<li>Animateurs de Yoga de Rire<strong>\u00a0<\/strong>qui<strong>\u00a0<\/strong>souhaitent<strong> aller plus loin dans leur pratique<\/strong><\/li>\n<li>\u00c0 ceux qui souhaitent<strong> accompagner\u00a0<\/strong>des personnes<strong><strong data-end=\"2316\" data-start=\"2282\"> individuellement<\/strong><\/strong><\/li>\n<li>\u00c0 ceux qui ressentent l\u2019appel d\u2019un<strong> r\u00f4le plus profond et plus puissant\u00a0<\/strong>aupr\u00e8s des personnes<\/li>\n<li>\u00c0 toute personne d\u00e9sireuse de transformer le monde, un sourire \u00e0 la fois<\/li>\n<\/ul>\n<p dir=\"ltr\" style=\"text-align: center;\">La formation de Coach de Rire s&rsquo;adresse aussi \u00e0 ceux qui souhaitent, \u00e0 titre personnel, se perfectionner dans leur animation du Yoga du Rire.<\/p>\n<p><img loading=\"lazy\" decoding=\"async\" style=\"aspect-ratio: auto 410 \/ 450;\" title=\"\" src=\"\/\/ecoledurire.com\/go\/wp-content\/uploads\/co13-yogadurire.jpg\" alt=\"\" width=\"596\" height=\"655\" data-id=\"411\" data-init-width=\"410\" data-init-height=\"450\" data-width=\"596\" data-height=\"655\" \/><\/p>\n<h1 style=\"text-align: center;\">Animateur Certifi\u00e9 de Yoga du Rire: <span style=\"letter-spacing: 0px; font-size: 25px !important;\">formation requise pour devenir Coach de Rire<\/span><\/h1>\n<p dir=\"ltr\" style=\"text-align: left;\">Pour devenir Coach de Rire Certifi\u00e9, il faut bien \u00e9videmment avoir particip\u00e9 avec succ\u00e8s cette formation, mais \u00e9galement avoir suivi \u00a0la formation d&rsquo;Animateur de Yoga du Rire.<\/p>\n<p dir=\"ltr\">Cette formation te permet d\u2019entrer \u00e9nergiquement et joyeusement dans le monde du rire. Le Yoga du Rire est une discipline o\u00f9 l\u2019on rit sans raison, pour les bienfaits prouv\u00e9s scientifiquement que le rire apporte sur la sant\u00e9.<\/p>\n<p dir=\"ltr\">\n<p dir=\"ltr\">Gr\u00e2ce \u00e0 la m\u00e9thodologie pr\u00e9cise mise au point par le Dr Madan Kataria (fondateur du Yoga du Rire) et Corinne Cosseron (fondatrice de la Rigologie), tu peux devenir Animateur d\u2019un Club de Yoga du Rire en deux jours seulement (ou 14h de formation en ligne).<\/p>\n<p dir=\"ltr\">\n<p dir=\"ltr\">Tu apprendras l\u2019esprit du yoga du rire, des exercices facilement m\u00e9morisables et la mani\u00e8re d\u2019en cr\u00e9er de nouveaux \u00e0 votre tour pour \u00eatre rapidement autonome.<\/p>\n<p dir=\"ltr\">\n<p dir=\"ltr\">Dans cette formation, tu d\u00e9couvriras notamment:<\/p>\n<p><img loading=\"lazy\" decoding=\"async\" style=\"aspect-ratio: auto 1000 \/ 969;\" title=\"\" src=\"\/\/ecoledurire.com\/go\/wp-content\/uploads\/evenementiel-rire-foule.jpg\" alt=\"\" width=\"326\" height=\"316\" data-id=\"212\" data-init-width=\"1000\" data-init-height=\"969\" data-width=\"326\" data-height=\"316\" \/><\/p>\n<ul>\n<li>D\u00e9veloppement de l&rsquo;intelligence sociale et \u00e9motionnelle<\/li>\n<li>R\u00e9duction du stress et de l&rsquo;anxi\u00e9t\u00e9<\/li>\n<li>Renforcement des liens sociaux<\/li>\n<li>D\u00e9veloppement de comp\u00e9tences de communication<\/li>\n<li>Am\u00e9lioration de la concentration<\/li>\n<li>Stimulation de la cr\u00e9ativit\u00e9<\/li>\n<li>D\u00e9veloppement de la confiance en soi<\/li>\n<li>Am\u00e9lioration de la sant\u00e9 mentale<\/li>\n<\/ul>\n<h3 dir=\"ltr\" style=\"text-align: center;\">Tout cela te sera grandement utile dans ta pratique de Coach de Rire :<\/h3>\n<p><img loading=\"lazy\" decoding=\"async\" style=\"aspect-ratio: auto 1440 \/ 825;\" title=\"\" src=\"\/\/ecoledurire.com\/go\/wp-content\/uploads\/formation-intensive-d-ete-de-rigologie.jpg\" alt=\"\" width=\"339\" height=\"194\" data-id=\"217\" data-init-width=\"1440\" data-init-height=\"825\" data-width=\"339\" data-height=\"194\" \/><\/p>\n<ul>\n<li>Tu seras d\u00e9j\u00e0 dans l\u2019esprit du rire<\/li>\n<li>Tu auras appris \u00e0 animer un groupe<\/li>\n<li>Gr\u00e2ce aux exercices courts, rapides et efficaces de yoga du rire, tu sauras cr\u00e9er rapidement des exercices et te renouveler facilement.<\/li>\n<\/ul>\n<h2 style=\"text-align: center;\">Le rire \u00a0apporte de nombreux b\u00e9n\u00e9fices pour la sant\u00e9, aussi bien physique que mentale, qui sont <strong>prouv\u00e9s scientifiquement<\/strong> :<\/h2>\n<h3 dir=\"ltr\" style=\"text-align: center;\">Pour le physique :<\/h3>\n<p><img loading=\"lazy\" decoding=\"async\" style=\"aspect-ratio: auto 2160 \/ 2160;\" title=\"\" src=\"\/\/ecoledurire.com\/go\/wp-content\/uploads\/Design-sans-titre-13.png\" alt=\"\" width=\"350\" height=\"350\" data-id=\"119\" data-init-width=\"2160\" data-init-height=\"2160\" data-width=\"350\" data-height=\"350\" \/><\/p>\n<ul>\n<li>Augmentation de l\u2019\u00e9nergie et de la vitalit\u00e9<\/li>\n<li>Meilleur sommeil, meilleure digestion, meilleure respiration<\/li>\n<li>Renforcement du syst\u00e8me immunitaire<\/li>\n<li>Diminution des douleurs<\/li>\n<li>Am\u00e9lioration du v\u00e9cu des maladies chroniques<\/li>\n<li>Diminution de tous les effets physiques du\u00a0stress<\/li>\n<\/ul>\n<h3 dir=\"ltr\" style=\"text-align: center;\">Pour le mental :<\/h3>\n<p><img loading=\"lazy\" decoding=\"async\" style=\"aspect-ratio: auto 1620 \/ 1620;\" title=\"\" src=\"\/\/ecoledurire.com\/go\/wp-content\/uploads\/Design-sans-titre-17.png\" alt=\"\" width=\"350\" height=\"350\" data-id=\"141\" data-init-width=\"1620\" data-init-height=\"1620\" data-width=\"350\" data-height=\"350\" \/><\/p>\n<ul>\n<li><span style=\"color: #ffffff !important; --tcb-applied-color: #ffffff !important;\">R\u00e9duction du stress et de l&rsquo;anxi\u00e9t\u00e9<\/span><\/li>\n<li><span style=\"color: #ffffff !important; --tcb-applied-color: #ffffff !important;\">Am\u00e9lioration de la sant\u00e9 mentale et de l&rsquo;humeur<\/span><\/li>\n<li>Renforcement des liens sociaux et des relations interpersonnelles<\/li>\n<li><span style=\"color: #ffffff !important; --tcb-applied-color: #ffffff !important;\">Meilleure gestion des \u00e9motions et augmentation l\u2019optimisme<br \/>\n<\/span><\/li>\n<li><span style=\"color: #ffffff !important; --tcb-applied-color: #ffffff !important;\">Renforcement de la confiance en soi et de la compassion<br \/>\n<\/span><\/li>\n<li><span style=\"color: #ffffff !important; --tcb-applied-color: #ffffff !important;\">Augmentation de la cr\u00e9ativit\u00e9 et de la performance<\/span><\/li>\n<\/ul>\n<h1 style=\"text-align: center;\">La formation de Coach de Rire Certifi\u00e9:<\/h1>\n<p data-end=\"1014\" data-start=\"949\"><strong data-end=\"1014\" data-start=\"952\"><strong data-end=\"995\" data-start=\"943\">Un protocole solide, u<\/strong>ne m\u00e9thode \u00e9prouv\u00e9e, issue de trois expertises puissantes<\/strong><\/p>\n<p data-end=\"1418\" data-start=\"1016\">Cette formation est le fruit de 25 ans d\u2019exp\u00e9rience, de pratique et d\u2019enseignements crois\u00e9s<\/p>\n<ul>\n<li><span style=\"color: #ffffff !important; --tcb-applied-color: #ffffff !important;\">Le protocole individuel du\u00a0<strong data-end=\"1159\" data-start=\"1139\">Dr Madan Kataria<\/strong>, fondateur du Yoga du Rire<\/span><\/li>\n<li><span style=\"color: #ffffff !important; --tcb-applied-color: #ffffff !important;\">L\u2019approche de\u00a0<strong data-end=\"1224\" data-start=\"1206\">Julien Peschot<\/strong>, formateur et coach sp\u00e9cialis\u00e9 dans l\u2019accompagnement par le rire,<\/span><\/li>\n<li><span style=\"color: #ffffff !important; --tcb-applied-color: #ffffff !important;\">Et les 25 ann\u00e9es de recherches en\u00a0<strong data-end=\"1347\" data-start=\"1325\">rire th\u00e9rapeutique<\/strong>\u00a0de\u00a0<strong data-end=\"1371\" data-start=\"1351\">Corinne Cosseron<\/strong>, fondatrice de l\u2019\u00c9cole Internationale du Rire.Elle s\u2019inspire aussi du travail d\u2019<strong data-end=\"1472\" data-start=\"1454\">Anne Goodheart<\/strong>, pionni\u00e8re am\u00e9ricaine du\u00a0<em data-end=\"1517\" data-start=\"1498\">Laughter Coaching<\/em>, qui a pos\u00e9 les bases d\u2019une approche\u00a0<strong data-end=\"1591\" data-start=\"1555\">douce, intuitive et respectueuse<\/strong> du rire en accompagnement individuel.<\/span><\/li>\n<\/ul>\n<p><img loading=\"lazy\" decoding=\"async\" style=\"aspect-ratio: auto 1536 \/ 1024;\" title=\"ChatGPT Image 4 sept. 2025, 08_43_35\" src=\"\/\/ecoledurire.com\/go\/wp-content\/uploads\/ChatGPT-Image-4-sept.-2025-08_43_35.png\" alt=\"\" width=\"472\" height=\"315\" data-id=\"894\" data-init-width=\"1536\" data-init-height=\"1024\" data-width=\"472\" data-height=\"315\" \/><\/p>\n<p dir=\"ltr\"><span style=\"--tcb-applied-color: var$(--tcb-skin-color-3) !important; color: var(--tcb-skin-color-3) !important;\">La formation de \u00a0Coach de Rire certifi\u00e9 se d\u00e9roule en ligne, sur 2 sessions de 2h chacune. Elle a pour but de vous transmettre la philosophie et les outils du Yoga du Rire en individuel.<\/span><\/p>\n<p dir=\"ltr\" style=\"text-align: center;\"><strong>En tant que futur Coach de Rire certifi\u00e9, cette formation vous permettra de:<\/strong><\/p>\n<ul>\n<li>Vous rappeler les fondamentaux du Yoga du Rire<\/li>\n<li>Diff\u00e9rencier l&rsquo;animation d&rsquo;une s\u00e9ance de yoga du rire en groupe et en face \u00e0 face<\/li>\n<li>Apprendre comment \u00e9couter le client et la compr\u00e9hension de sa demande r\u00e9elle<\/li>\n<li>Savoir par o\u00f9 commencer<\/li>\n<li>Prendre en compte les besoins personnalis\u00e9s de vos clients en adaptant les 8 s\u00e9ances en fonction d&rsquo;eux<\/li>\n<\/ul>\n<h2 dir=\"ltr\" style=\"text-align: center;\">Les objectifs concrets de la formation<\/h2>\n<p><img loading=\"lazy\" decoding=\"async\" style=\"aspect-ratio: auto 1755 \/ 1755;\" title=\"Design sans titre (33)\" src=\"\/\/ecoledurire.com\/go\/wp-content\/uploads\/Design-sans-titre-33.png\" alt=\"\" width=\"350\" height=\"350\" data-id=\"239\" data-init-width=\"1755\" data-init-height=\"1755\" data-width=\"350\" data-height=\"350\" \/><\/p>\n<ul>\n<li>D\u00e9couvre les composantes et applications du Coach de Rire, et ceci essentiellement par la PRATIQUE (exercices, jeux, mise en situation, etc.)<\/li>\n<li>Ma\u00eetrise les diff\u00e9rents outils pour les choisir en fonction d\u2019objectifs et de publics diff\u00e9rents<\/li>\n<li>Construisez un programme intensif complet de 8 s\u00e9ances de Yoga du Rire en individuel<\/li>\n<li>Permettre \u00e0 vos clients de retrouver un mieux-\u00eatre par le rire<\/li>\n<li>Apprend \u00e0 adapter ta pratique avec les diff\u00e9rents profils de personnes<\/li>\n<\/ul>\n<h2 style=\"text-align: center;\">Votre formateur<\/h2>\n<p><img loading=\"lazy\" decoding=\"async\" style=\"aspect-ratio: auto 500 \/ 500;\" title=\"\" src=\"\/\/ecoledurire.com\/go\/wp-content\/uploads\/julien-peschot-rond-formateur-ecole-internationale-du-rire.jpg.webp\" alt=\"\" width=\"214\" height=\"214\" data-id=\"259\" data-init-width=\"500\" data-init-height=\"500\" data-width=\"214\" data-height=\"214\" \/><\/p>\n<p dir=\"ltr\"><strong>JULIEN PESCHOT<\/strong> travaille depuis pr\u00e8s de 20 ans avec Corinne Cosseron, la fondatrice de la Rigologie. Rigologue expert et formateur en Rigologie, il est <strong>Directeur de l\u2019\u00c9cole Internationale du Rire <\/strong>et du<strong> R.I.R.E.<\/strong>, le <strong>R\u00e9seau des Intervenants du Rire en Entreprise<\/strong>, premier r\u00e9seau du monde francophone.<\/p>\n<p>Julien est aussi com\u00e9dien, metteur en sc\u00e8ne, clown et formateur en Th\u00e9\u00e2tre Forum, ce qui enrichit sa pratique de la Rigologie, et fait de lui un brillant p\u00e9dagogue plein d\u2019humour, de finesse et de g\u00e9n\u00e9rosit\u00e9.<\/p>\n<h2 style=\"text-align: center;\">Un programme en 8 s\u00e9ances pour une transformation durable<\/h2>\n<p><img loading=\"lazy\" decoding=\"async\" style=\"aspect-ratio: auto 800 \/ 500;\" title=\"formation-rebooster-moral\" src=\"\/\/ecoledurire.com\/go\/wp-content\/uploads\/formation-rebooster-moral.jpg\" alt=\"\" width=\"696\" height=\"435\" data-id=\"246\" data-init-width=\"800\" data-init-height=\"500\" data-width=\"696\" data-height=\"435\" \/><\/p>\n<p data-end=\"933\" data-start=\"574\">La formation <strong data-end=\"616\" data-start=\"590\">Coach du Rire Certifi\u00e9<\/strong> te permet de ma\u00eetriser un <strong data-end=\"683\" data-start=\"643\">protocole professionnel en 8 s\u00e9ances<\/strong> pour accompagner toute personne \u00e0 :<br \/>\n\u2022 Retrouver un rire authentique et lib\u00e9rateur,<br data-start=\"766\" data-end=\"769\" \/>\u2022 Diminuer stress, tensions et blocages,<br data-start=\"809\" data-end=\"812\" \/>\u2022 Te reconnecter \u00e0 ta joie int\u00e9rieure,<br data-start=\"850\" data-end=\"853\" \/>\u2022 Recr\u00e9er une harmonie corps\u2013esprit, en pr\u00e9sentiel, \u00e0 distance ou par t\u00e9l\u00e9phone.<\/p>\n<p dir=\"ltr\"><strong>La formation de Coach de Rire Certifi\u00e9 s&rsquo;effectue en live, sur 2 temps distincts, ainsi qu&rsquo;en entretien individuel de validation.\u00a0\u00a0<\/strong><\/p>\n<p dir=\"ltr\">\n<p dir=\"ltr\"><strong>Et comme Julien est le plus g\u00e9n\u00e9reux des formateurs, voici tous les petits plus de cette formation<\/strong><\/p>\n<h6>\ud83c\udf81 Les petits + qui font toute la diff\u00e9rence<\/h6>\n<p dir=\"ltr\">En plus de la formation compl\u00e8te pour devenir Coach de Rire Certifi\u00e9, les bonus compl\u00e9mentaires suivants vous attendent:<\/p>\n<ul>\n<li><!--! Font Awesome Free 6.7.1 by @fontawesome - https:\/\/fontawesome.com License - https:\/\/fontawesome.com\/license\/free (Icons: CC BY 4.0, Fonts: SIL OFL 1.1, Code: MIT License) Copyright 2024 Fonticons, Inc. -->\n<p dir=\"ltr\">Une <strong>p\u00e9dagogie vivante, bienveillante<\/strong>, avec un <strong>formateur reconnu mondialement<\/strong>, r\u00e9put\u00e9 pour sa douceur, sa gentillesse associ\u00e9 \u00e0 une <strong>expertise aiguis\u00e9<\/strong><strong>e<\/strong><\/p>\n<p>&nbsp;<\/li>\n<li><!--! Font Awesome Free 6.7.1 by @fontawesome - https:\/\/fontawesome.com License - https:\/\/fontawesome.com\/license\/free (Icons: CC BY 4.0, Fonts: SIL OFL 1.1, Code: MIT License) Copyright 2024 Fonticons, Inc. -->\n<p dir=\"ltr\"><strong>Le manuel complet de la formation, en pdf \u00e0 t\u00e9l\u00e9charger\u00a0<\/strong> contenant tous les principes th\u00e9oriques et le contenu int\u00e9gral de la formation<\/p>\n<p>&nbsp;<\/li>\n<li><!--! Font Awesome Free 6.7.1 by @fontawesome - https:\/\/fontawesome.com License - https:\/\/fontawesome.com\/license\/free (Icons: CC BY 4.0, Fonts: SIL OFL 1.1, Code: MIT License) Copyright 2024 Fonticons, Inc. --><strong>Un acc\u00e8s \u00c0 VIE aux 2 sessions enregistr\u00e9es:<\/strong> pour vous rem\u00e9morer \u00e0 volont\u00e9 les diff\u00e9rents moment de cette formation.<\/li>\n<li><!--! Font Awesome Free 6.7.1 by @fontawesome - https:\/\/fontawesome.com License - https:\/\/fontawesome.com\/license\/free (Icons: CC BY 4.0, Fonts: SIL OFL 1.1, Code: MIT License) Copyright 2024 Fonticons, Inc. --><strong>Une certification reconnue avec un magnifique DIPL\u00d4ME DE COACH de RIRE \u00e0 encadrer:<\/strong> pour confirmer votre l\u00e9gitimit\u00e9 en tant que Coach Certifi\u00e9<\/li>\n<\/ul>\n<p><img loading=\"lazy\" decoding=\"async\" style=\"aspect-ratio: auto 1789 \/ 1276;\" title=\"Pourquoi pas toi - coach rire\" src=\"\/\/ecoledurire.com\/go\/wp-content\/uploads\/Pourquoi-pas-toi-coach-rire.png\" alt=\"\" width=\"660\" height=\"471\" data-id=\"803\" data-init-width=\"1789\" data-init-height=\"1276\" data-width=\"660\" data-height=\"471\" \/><!--! Font Awesome Free 6.7.1 by @fontawesome - https:\/\/fontawesome.com License - https:\/\/fontawesome.com\/license\/free (Icons: CC BY 4.0, Fonts: SIL OFL 1.1, Code: MIT License) Copyright 2024 Fonticons, Inc. --><\/p>\n<h2 style=\"text-align: left;\">Les infos pratiques<\/h2>\n<p>Les formations de Coach de Rire Certifi\u00e9 se d\u00e9roule en ligne.<\/p>\n<p style=\"text-align: center;\"><strong><span style=\"text-decoration: underline;\">Prochaine <span style=\"font-size: 21px !important;\">session\u00a0<\/span>pour la formation \u00ab\u00a0Coach de Rire\u00a0\u00bb<\/span><\/strong><\/p>\n<ul>\n<li>Formation 100%<strong>\u00a0en live<\/strong>, en ligne avec votre formateur<\/li>\n<li>les\u00a0 mercredis\u00a0<strong>6 et 13 mai 2026<\/strong><\/li>\n<li>de <strong>19h \u00e0 21h<\/strong><\/li>\n<li>Acc\u00e8s illimit\u00e9 avec le Replay<\/li>\n<li>Rendez-vous personnalis\u00e9 ult\u00e9rieur de validation<\/li>\n<\/ul>\n<p>Si vous n\u2019avez pas encore fait la formation initiale de Yoga du Rire, vous pouvez d\u00e9couvrir tous les d\u00e9tails <strong><span style=\"color: var(--tcb-color-1) !important; --tcb-applied-color: var$(--tcb-color-1) !important;\"><a style=\"outline: none;\" href=\"https:\/\/ecoledurire.com\/les-formations\/yoga-du-rire-animateur-certifie\/\" target=\"_blank\" rel=\"noopener\">ici.<\/a><\/span><\/strong><\/p>\n<h2 style=\"text-align: left;\">Horaires<\/h2>\n<p>La formation se d\u00e9roulera aux horaires suivants:<\/p>\n<p>mercredi 6 mai : de<strong>\u00a0<\/strong>19h \u00e0 21h<\/p>\n<p>mercredi 13 mai : de<strong>\u00a0<\/strong>19h \u00e0 21h<\/p>\n<p>A quelques \u00e9clats de rires pr\u00e8s !<\/p>\n<h2 style=\"text-align: left;\">Mat\u00e9riel requis<\/h2>\n<p>Un ordinateur, une bonne connexion internet, de quoi prendre des notes, de la bonne humeur, et c\u2019est tout !<\/p>\n<h1 style=\"text-align: center;\">Le prix de notre formation<\/h1>\n<h3 style=\"text-align: center;\">Le tarif comprend<\/h3>\n<p>&nbsp;<\/p>\n<ul>\n<li>Formation Coach de Rire Certifi\u00e9<\/li>\n<li>100% en ligne<\/li>\n<li>Support de formation<\/li>\n<li>Acc\u00e8s au Replay illimit\u00e9<\/li>\n<li>Rendez-vous personnalis\u00e9 ult\u00e9rieur de validation<\/li>\n<\/ul>\n<p style=\"text-align: center; color: var(--tcb-color-1) !important; --tcb-applied-color: var$(--tcb-color-1) !important;\"><span style=\"text-decoration: line-through;\">190\u20ac<\/span><\/p>\n<p style=\"text-align: center; color: var(--tcb-color-1) !important; --tcb-applied-color: var$(--tcb-color-1) !important;\">\n<p style=\"text-align: center; color: var(--tcb-color-1) !important; --tcb-applied-color: var$(--tcb-color-1) !important;\"><strong>165\u20ac jusqu&rsquo;au 19 mars<\/strong><\/p>\n<h3 style=\"text-align: center;\">Une question ? Appelez-nous au +33 6 25 70 69 36<\/h3>\n<p><a href=\"#top\"><img loading=\"lazy\" decoding=\"async\" style=\"aspect-ratio: auto 2000 \/ 2000;\" title=\"\" src=\"\/\/ecoledurire.com\/go\/wp-content\/uploads\/arrowup.png\" alt=\"\" width=\"60\" height=\"60\" data-id=\"366\" data-init-width=\"2000\" data-init-height=\"2000\" data-width=\"60\" data-height=\"60\" data-link-wrap=\"true\" \/><\/a>__CONFIG_colors_palette__%s__CONFIG_colors_palette__<\/p>\n<ul id=\"m-19589dd053c\">\n<li id=\"menu-item-362\" data-id=\"362\" data-item-display-desktop=\"text\"><a href=\"https:\/\/ecoledurire.com\/mentions-legales\/\">Mentions L\u00e9gales<\/a><\/li>\n<li id=\"menu-item-363\" data-id=\"363\" data-item-display-desktop=\"text\"><a href=\"https:\/\/ecoledurire.com\/politique-de-confidentialite\/\">Politique de Confidentialit\u00e9<\/a><\/li>\n<li id=\"menu-item-364\" data-id=\"364\" data-item-display-desktop=\"text\"><a href=\"https:\/\/ecoledurire.com\/conditions-generales-utilisation\/\">Conditions G\u00e9n\u00e9rales de Vente<\/a><\/li>\n<li id=\"menu-item-379\" data-id=\"379\" data-item-display-desktop=\"text\"><a href=\"https:\/\/ecoledurire.com\/contact\/\">Contact<\/a><\/li>\n<\/ul>\n<p style=\"text-align: center;\">2002 &#8211; <span data-attr-id=\"Y\" data-extra_key=\"Y\" data-option-inline=\"1\" data-shortcode=\"thrv_dynamic_data_date\" data-shortcode-name=\"Year (2029)\">2025<\/span> \u00a9 <span style=\"font-size: 16px !important;\">Ecole Internationale du Rire<\/span> &#8211; Tous droits r\u00e9serv\u00e9s pour tous les pays<\/p>\n","protected":false},"excerpt":{"rendered":"<p>Deviens Coach de Rire Certifi\u00e9. \u00a0Et si tu pouvais accompagner une personne en profondeur gr\u00e2ce au yoga du rire&#8230; avec la m\u00eame magie que tu cr\u00e9es en groupe? Du groupe au face-\u00e0-face : apprends \u00e0 accompagner avec le rire en individuel. Tu es animateur de Yoga du Rire et tu adores faire rire tes groupes. [&hellip;]<\/p>\n","protected":false},"author":1,"featured_media":0,"parent":0,"menu_order":0,"comment_status":"closed","ping_status":"closed","template":"","meta":{"footnotes":""},"folder":[23],"class_list":["post-684","page","type-page","status-publish","hentry","post-wrapper","thrv_wrapper"],"_links":{"self":[{"href":"https:\/\/ecoledurire.com\/go\/wp-json\/wp\/v2\/pages\/684","targetHints":{"allow":["GET"]}}],"collection":[{"href":"https:\/\/ecoledurire.com\/go\/wp-json\/wp\/v2\/pages"}],"about":[{"href":"https:\/\/ecoledurire.com\/go\/wp-json\/wp\/v2\/types\/page"}],"author":[{"embeddable":true,"href":"https:\/\/ecoledurire.com\/go\/wp-json\/wp\/v2\/users\/1"}],"replies":[{"embeddable":true,"href":"https:\/\/ecoledurire.com\/go\/wp-json\/wp\/v2\/comments?post=684"}],"version-history":[{"count":74,"href":"https:\/\/ecoledurire.com\/go\/wp-json\/wp\/v2\/pages\/684\/revisions"}],"predecessor-version":[{"id":1384,"href":"https:\/\/ecoledurire.com\/go\/wp-json\/wp\/v2\/pages\/684\/revisions\/1384"}],"wp:attachment":[{"href":"https:\/\/ecoledurire.com\/go\/wp-json\/wp\/v2\/media?parent=684"}],"wp:term":[{"taxonomy":"folder","embeddable":true,"href":"https:\/\/ecoledurire.com\/go\/wp-json\/wp\/v2\/folder?post=684"}],"curies":[{"name":"wp","href":"https:\/\/api.w.org\/{rel}","templated":true}]}}