{"id":790,"date":"2025-07-24T00:57:44","date_gmt":"2025-07-23T22:57:44","guid":{"rendered":"https:\/\/ecoledurire.com\/go\/?page_id=790"},"modified":"2025-07-24T15:02:20","modified_gmt":"2025-07-24T13:02:20","slug":"pdp_cure-de-joie-maroc_1490","status":"publish","type":"page","link":"https:\/\/ecoledurire.com\/go\/pdp_cure-de-joie-maroc_1490\/","title":{"rendered":"PDP_Cure_de_joie_maroc_Option1_1470"},"content":{"rendered":"<p><span><img decoding=\"async\" alt=\"\" data-id=\"483\" width=\"346\" data-init-width=\"502\" height=\"69\" data-init-height=\"100\" title=\"logo-ecole-internationale-du-rire\" src=\"\/\/ecoledurire.com\/go\/wp-content\/uploads\/logo-ecole-internationale-du-rire.jpeg\" data-width=\"346\" data-height=\"69\" style=\"aspect-ratio: auto 502 \/ 100;\" loading=\"lazy\"><\/span><\/p>\n<h1 style=\"text-align: center;\">Pour s\u00e9curiser ta place pour la Cure de Joie au Sahara, remplis le formulaire ci-dessous:<\/h1>\n<p>[tcb-script async=\u00a0\u00bb\u00a0\u00bb src=\u00a0\u00bb\/\/tinder.thrivecart.com\/embed\/v2\/thrivecart.js\u00a0\u00bb id=\u00a0\u00bbtc-ecoledurire-46-KCL8NH\u00a0\u00bb][\/tcb-script]<span><img decoding=\"async\" alt=\"\" data-id=\"2496\" width=\"274\" data-init-width=\"599\" height=\"86\" data-init-height=\"188\" title=\"paiement-securise\" src=\"http:\/\/ecoledurire.com\/go\/wp-content\/uploads\/paiement-securise.png\" data-width=\"274\" data-height=\"86\" style=\"aspect-ratio: auto 599 \/ 188;\" loading=\"lazy\"><\/span><\/p>\n<p style=\"text-align: center;\"><b>Voici ce que tu obtiens en s\u00e9curisant ta place d\u00e8s maintenant:<\/b><\/p>\n<ul>\n<li style=\"\"><!--! Font Awesome Free 6.7.1 by @fontawesome - https:\/\/fontawesome.com License - https:\/\/fontawesome.com\/license\/free (Icons: CC BY 4.0, Fonts: SIL OFL 1.1, Code: MIT License) Copyright 2024 Fonticons, Inc. --><span style=\"\">Une Cure de Joie inoubliable dans le <strong>d\u00e9sert du Sahara<\/strong><\/span><\/li>\n<\/ul>\n<ul>\n<li style=\"\"><!--! Font Awesome Free 6.7.1 by @fontawesome - https:\/\/fontawesome.com License - https:\/\/fontawesome.com\/license\/free (Icons: CC BY 4.0, Fonts: SIL OFL 1.1, Code: MIT License) Copyright 2024 Fonticons, Inc. --><span>L\u2019accompagnement de <strong>Corinne Cosseron<\/strong>, cr\u00e9atrice de la Rigologie, pour vivre et profiter d&rsquo;une r\u00e9f\u00e9rence mondiale de la Joie de Vivre<\/span><\/li>\n<\/ul>\n<ul>\n<li style=\"\"><!--! Font Awesome Free 6.7.1 by @fontawesome - https:\/\/fontawesome.com License - https:\/\/fontawesome.com\/license\/free (Icons: CC BY 4.0, Fonts: SIL OFL 1.1, Code: MIT License) Copyright 2024 Fonticons, Inc. --><span style=\"\"><strong>Des souvenirs magiques <\/strong>que seul le d\u00e9sert peut t&rsquo;offrir<\/span><\/li>\n<\/ul>\n<p><span><img decoding=\"async\" alt=\"\" data-id=\"635\" width=\"255\" data-init-width=\"2560\" height=\"169\" data-init-height=\"1696\" title=\"870d08e56f370a65f4376016c1e1c3e0\" loading=\"lazy\" src=\"\/\/ecoledurire.com\/go\/wp-content\/uploads\/870d08e56f370a65f4376016c1e1c3e0-1-scaled.jpg\" data-width=\"255\" data-height=\"169\" style=\"aspect-ratio: auto 2560 \/ 1696;\"><\/span><\/p>\n<ul>\n<li style=\"\"><!--! Font Awesome Free 6.7.1 by @fontawesome - https:\/\/fontawesome.com License - https:\/\/fontawesome.com\/license\/free (Icons: CC BY 4.0, Fonts: SIL OFL 1.1, Code: MIT License) Copyright 2024 Fonticons, Inc. --><span>L\u2019acc\u00e8s \u00e0 <strong>l&rsquo;Echo du d\u00e9sert, <\/strong> groupe priv\u00e9 &nbsp;pour \u00e9changer entre pairs sur vos pratiques, obtenir et donner des conseils, &nbsp;anim\u00e9 par Corinne au retour de ta Cure de Joie. C\u2019est un <strong>coaching de<\/strong><strong>groupe par zoom<\/strong> de 1h30 toutes les deux semaines, pendant 6 semaines, pour t\u2019aider \u00e0 ancrer durablement dans ta vie les bienfaits de ta retraite&nbsp;<\/span><\/li>\n<li style=\"\"><!--! Font Awesome Free 6.7.1 by @fontawesome - https:\/\/fontawesome.com License - https:\/\/fontawesome.com\/license\/free (Icons: CC BY 4.0, Fonts: SIL OFL 1.1, Code: MIT License) Copyright 2024 Fonticons, Inc. --><span>H\u00e9bergement, pension compl\u00e8te, activit\u00e9s, tout est compris \u00e0 partir et jusqu&rsquo;\u00e0 l&rsquo;a\u00e9roport d&rsquo;Errachidia<\/span><\/li>\n<\/ul>\n<p><span><img decoding=\"async\" alt=\"\" data-id=\"2502\" width=\"171\" data-init-width=\"558\" height=\"68\" data-init-height=\"224\" title=\"paiement-securise-vu\" src=\"http:\/\/ecoledurire.com\/go\/wp-content\/uploads\/paiement-securise-vu.png\" data-width=\"171\" data-height=\"68\" style=\"aspect-ratio: auto 558 \/ 224;\" loading=\"lazy\"><\/span><span><img decoding=\"async\" alt=\"\" data-id=\"2501\" width=\"171\" data-init-width=\"922\" height=\"77\" data-init-height=\"418\" title=\"satisfaction-garantie-bande\" src=\"http:\/\/ecoledurire.com\/go\/wp-content\/uploads\/satisfaction-garantie-bande.png\" data-width=\"171\" data-height=\"77\" style=\"aspect-ratio: auto 922 \/ 418;\" loading=\"lazy\"><\/span>  <span><a href=\"#top\"><img decoding=\"async\" alt=\"\" data-id=\"366\" width=\"60\" data-init-width=\"2000\" height=\"60\" data-init-height=\"2000\" title=\"\" loading=\"lazy\" src=\"\/\/ecoledurire.com\/go\/wp-content\/uploads\/arrowup.png\" data-width=\"60\" data-height=\"60\" style=\"aspect-ratio: auto 2000 \/ 2000;\" data-link-wrap=\"true\"><\/a><\/span>__CONFIG_colors_palette__%s__CONFIG_colors_palette__        <a href=\"javascript:void(0)\"><\/a> <\/p>\n<ul id=\"m-19589dd053c\">\n<li id=\"menu-item-362\" data-id=\"362\" data-item-display-desktop=\"text\" ><a href=\"https:\/\/ecoledurire.com\/mentions-legales\/\"><span>Mentions L\u00e9gales<\/span><\/a><\/li>\n<li id=\"menu-item-363\" data-id=\"363\" data-item-display-desktop=\"text\" ><a href=\"https:\/\/ecoledurire.com\/politique-de-confidentialite\/\"><span>Politique de Confidentialit\u00e9<\/span><\/a><\/li>\n<li id=\"menu-item-364\" data-id=\"364\" data-item-display-desktop=\"text\" ><a href=\"https:\/\/ecoledurire.com\/conditions-generales-utilisation\/\"><span>Conditions G\u00e9n\u00e9rales de Vente<\/span><\/a><\/li>\n<li id=\"menu-item-379\" data-id=\"379\" data-item-display-desktop=\"text\" ><a href=\"https:\/\/ecoledurire.com\/contact\/\"><span>Contact<\/span><\/a><\/li>\n<\/ul>\n<p style=\"text-align: center;\">2002 &#8211; <span data-attr-id=\"Y\" data-extra_key=\"Y\" data-option-inline=\"1\" data-shortcode=\"thrv_dynamic_data_date\" data-shortcode-name=\"Year (2029)\">2025<\/span> \u00a9 <span style=\"font-size: 16px !important;\">Ecole Internationale du Rire<\/span> &#8211; Tous droits r\u00e9serv\u00e9s pour tous les pays<\/p>\n<p style=\"text-align: center;\">Site Internet con\u00e7u et r\u00e9alis\u00e9 par <span style=\"font-size: 16px !important;\">E-Xpertise Agency<\/span><\/p>\n","protected":false},"excerpt":{"rendered":"<p>Pour s\u00e9curiser ta place pour la Cure de Joie au Sahara, remplis le formulaire ci-dessous: [tcb-script async=\u00a0\u00bb\u00a0\u00bb src=\u00a0\u00bb\/\/tinder.thrivecart.com\/embed\/v2\/thrivecart.js\u00a0\u00bb id=\u00a0\u00bbtc-ecoledurire-46-KCL8NH\u00a0\u00bb][\/tcb-script] Voici ce que tu obtiens en s\u00e9curisant ta place d\u00e8s maintenant: Une Cure de Joie inoubliable dans le d\u00e9sert du Sahara L\u2019accompagnement de Corinne Cosseron, cr\u00e9atrice de la Rigologie, pour vivre et profiter d&rsquo;une r\u00e9f\u00e9rence mondiale [&hellip;]<\/p>\n","protected":false},"author":1,"featured_media":0,"parent":0,"menu_order":0,"comment_status":"closed","ping_status":"closed","template":"","meta":{"footnotes":""},"folder":[25],"class_list":["post-790","page","type-page","status-publish","hentry","post-wrapper","thrv_wrapper"],"_links":{"self":[{"href":"https:\/\/ecoledurire.com\/go\/wp-json\/wp\/v2\/pages\/790","targetHints":{"allow":["GET"]}}],"collection":[{"href":"https:\/\/ecoledurire.com\/go\/wp-json\/wp\/v2\/pages"}],"about":[{"href":"https:\/\/ecoledurire.com\/go\/wp-json\/wp\/v2\/types\/page"}],"author":[{"embeddable":true,"href":"https:\/\/ecoledurire.com\/go\/wp-json\/wp\/v2\/users\/1"}],"replies":[{"embeddable":true,"href":"https:\/\/ecoledurire.com\/go\/wp-json\/wp\/v2\/comments?post=790"}],"version-history":[{"count":8,"href":"https:\/\/ecoledurire.com\/go\/wp-json\/wp\/v2\/pages\/790\/revisions"}],"predecessor-version":[{"id":801,"href":"https:\/\/ecoledurire.com\/go\/wp-json\/wp\/v2\/pages\/790\/revisions\/801"}],"wp:attachment":[{"href":"https:\/\/ecoledurire.com\/go\/wp-json\/wp\/v2\/media?parent=790"}],"wp:term":[{"taxonomy":"folder","embeddable":true,"href":"https:\/\/ecoledurire.com\/go\/wp-json\/wp\/v2\/folder?post=790"}],"curies":[{"name":"wp","href":"https:\/\/api.w.org\/{rel}","templated":true}]}}