{"id":805,"date":"2025-07-24T15:11:28","date_gmt":"2025-07-24T13:11:28","guid":{"rendered":"https:\/\/ecoledurire.com\/go\/?page_id=805"},"modified":"2026-03-20T19:34:02","modified_gmt":"2026-03-20T18:34:02","slug":"pdp_coach-de-rire","status":"publish","type":"page","link":"https:\/\/ecoledurire.com\/go\/pdp_coach-de-rire\/","title":{"rendered":"PDP_Coach_de_rire"},"content":{"rendered":"<p><img loading=\"lazy\" decoding=\"async\" style=\"aspect-ratio: auto 502 \/ 100;\" title=\"logo-ecole-internationale-du-rire\" src=\"\/\/ecoledurire.com\/go\/wp-content\/uploads\/logo-ecole-internationale-du-rire.jpeg\" alt=\"\" width=\"346\" height=\"69\" data-id=\"483\" data-init-width=\"502\" data-init-height=\"100\" data-width=\"346\" data-height=\"69\" \/><\/p>\n<h1 style=\"text-align: center;\">Pour s\u00e9curiser ta place dans la formation de Coach de rire, remplis le formulaire ci-dessous:<\/h1>\n<p>[tcb-script async=\u00a0\u00bb\u00a0\u00bb src=\u00a0\u00bb\/\/tinder.thrivecart.com\/embed\/v2\/thrivecart.js\u00a0\u00bb id=\u00a0\u00bbtc-ecoledurire-47-C427WH\u00a0\u00bb][\/tcb-script]<img loading=\"lazy\" decoding=\"async\" style=\"aspect-ratio: auto 599 \/ 188;\" title=\"paiement-securise\" src=\"http:\/\/ecoledurire.com\/go\/wp-content\/uploads\/paiement-securise.png\" alt=\"\" width=\"274\" height=\"86\" data-id=\"2496\" data-init-width=\"599\" data-init-height=\"188\" data-width=\"274\" data-height=\"86\" \/><\/p>\n<p style=\"text-align: center;\"><b>Voici ce que tu obtiens en s\u00e9curisant ta place d\u00e8s maintenant:<\/b><\/p>\n<ul>\n<li><!--! Font Awesome Free 6.7.1 by @fontawesome - https:\/\/fontawesome.com License - https:\/\/fontawesome.com\/license\/free (Icons: CC BY 4.0, Fonts: SIL OFL 1.1, Code: MIT License) Copyright 2024 Fonticons, Inc. -->La <strong>formation certifiante<\/strong> pour devenir un Coach de Rire<\/li>\n<li><!--! Font Awesome Free 6.7.1 by @fontawesome - https:\/\/fontawesome.com License - https:\/\/fontawesome.com\/license\/free (Icons: CC BY 4.0, Fonts: SIL OFL 1.1, Code: MIT License) Copyright 2024 Fonticons, Inc. --><strong data-end=\"1014\" data-start=\"952\"><strong data-end=\"995\" data-start=\"943\">Un protocole solide, u<\/strong>ne m\u00e9thode \u00e9prouv\u00e9e, issue de trois expertises puissantes.\u00a0<\/strong>Cette formation est le fruit de 25 ans d\u2019exp\u00e9rience, de pratique et d\u2019enseignements crois\u00e9s<\/li>\n<li><!--! Font Awesome Free 6.7.1 by @fontawesome - https:\/\/fontawesome.com License - https:\/\/fontawesome.com\/license\/free (Icons: CC BY 4.0, Fonts: SIL OFL 1.1, Code: MIT License) Copyright 2024 Fonticons, Inc. --><strong>Le manuel complet de la formation, en pdf \u00e0 t\u00e9l\u00e9charger\u00a0<\/strong> contenant tous les principes th\u00e9oriques et le contenu int\u00e9gral de la formation<\/li>\n<li><!--! Font Awesome Free 6.7.1 by @fontawesome - https:\/\/fontawesome.com License - https:\/\/fontawesome.com\/license\/free (Icons: CC BY 4.0, Fonts: SIL OFL 1.1, Code: MIT License) Copyright 2024 Fonticons, Inc. --><strong><strong>Une certification reconnue avec un magnifique DIPL\u00d4ME DE COACH de RIRE \u00e0 encadrer:<\/strong> pour confirmer votre l\u00e9gitimit\u00e9 en tant que Coach Certifi\u00e9<\/strong><\/li>\n<\/ul>\n<p><img loading=\"lazy\" decoding=\"async\" style=\"aspect-ratio: auto 1789 \/ 1276;\" title=\"Pourquoi pas toi - coach rire\" src=\"\/\/ecoledurire.com\/go\/wp-content\/uploads\/Pourquoi-pas-toi-coach-rire.png\" alt=\"\" width=\"255\" height=\"182\" data-id=\"803\" data-init-width=\"1789\" data-init-height=\"1276\" data-width=\"255\" data-height=\"182\" \/><\/p>\n<ul>\n<li><!--! Font Awesome Free 6.7.1 by @fontawesome - https:\/\/fontawesome.com License - https:\/\/fontawesome.com\/license\/free (Icons: CC BY 4.0, Fonts: SIL OFL 1.1, Code: MIT License) Copyright 2024 Fonticons, Inc. -->Une\u00a0<strong>p\u00e9dagogie vivante, bienveillante<\/strong>, avec un\u00a0<strong>formateur reconnu mondialement<\/strong>, r\u00e9put\u00e9 pour sa douceur, sa gentillesse associ\u00e9 \u00e0 une\u00a0<strong>expertise aiguis\u00e9<\/strong><strong>e<\/strong><\/li>\n<li><!--! Font Awesome Free 6.7.1 by @fontawesome - https:\/\/fontawesome.com License - https:\/\/fontawesome.com\/license\/free (Icons: CC BY 4.0, Fonts: SIL OFL 1.1, Code: MIT License) Copyright 2024 Fonticons, Inc. --><strong>Un acc\u00e8s \u00c0 VIE aux 2 sessions enregistr\u00e9es:<\/strong> pour vous rem\u00e9morer \u00e0 volont\u00e9 les diff\u00e9rents moment de cette formation.<\/li>\n<li><!--! Font Awesome Free 6.7.1 by @fontawesome - https:\/\/fontawesome.com License - https:\/\/fontawesome.com\/license\/free (Icons: CC BY 4.0, Fonts: SIL OFL 1.1, Code: MIT License) Copyright 2024 Fonticons, Inc. -->Une validation suite \u00e0 un <strong>entretien personnalis\u00e9<\/strong><\/li>\n<\/ul>\n<p><img loading=\"lazy\" decoding=\"async\" style=\"aspect-ratio: auto 558 \/ 224;\" title=\"paiement-securise-vu\" src=\"http:\/\/ecoledurire.com\/go\/wp-content\/uploads\/paiement-securise-vu.png\" alt=\"\" width=\"171\" height=\"68\" data-id=\"2502\" data-init-width=\"558\" data-init-height=\"224\" data-width=\"171\" data-height=\"68\" \/><img loading=\"lazy\" decoding=\"async\" style=\"aspect-ratio: auto 922 \/ 418;\" title=\"satisfaction-garantie-bande\" src=\"http:\/\/ecoledurire.com\/go\/wp-content\/uploads\/satisfaction-garantie-bande.png\" alt=\"\" width=\"171\" height=\"77\" data-id=\"2501\" data-init-width=\"922\" data-init-height=\"418\" data-width=\"171\" data-height=\"77\" \/> <a href=\"#top\"><img loading=\"lazy\" decoding=\"async\" style=\"aspect-ratio: auto 2000 \/ 2000;\" title=\"\" src=\"\/\/ecoledurire.com\/go\/wp-content\/uploads\/arrowup.png\" alt=\"\" width=\"60\" height=\"60\" data-id=\"366\" data-init-width=\"2000\" data-init-height=\"2000\" data-width=\"60\" data-height=\"60\" data-link-wrap=\"true\" \/><\/a>__CONFIG_colors_palette__%s__CONFIG_colors_palette__<\/p>\n<ul id=\"m-19589dd053c\">\n<li id=\"menu-item-362\" data-id=\"362\" data-item-display-desktop=\"text\"><a href=\"https:\/\/ecoledurire.com\/mentions-legales\/\">Mentions L\u00e9gales<\/a><\/li>\n<li id=\"menu-item-363\" data-id=\"363\" data-item-display-desktop=\"text\"><a href=\"https:\/\/ecoledurire.com\/politique-de-confidentialite\/\">Politique de Confidentialit\u00e9<\/a><\/li>\n<li id=\"menu-item-364\" data-id=\"364\" data-item-display-desktop=\"text\"><a href=\"https:\/\/ecoledurire.com\/conditions-generales-utilisation\/\">Conditions G\u00e9n\u00e9rales de Vente<\/a><\/li>\n<li id=\"menu-item-379\" data-id=\"379\" data-item-display-desktop=\"text\"><a href=\"https:\/\/ecoledurire.com\/contact\/\">Contact<\/a><\/li>\n<\/ul>\n<p style=\"text-align: center;\">2002 &#8211; <span data-attr-id=\"Y\" data-extra_key=\"Y\" data-option-inline=\"1\" data-shortcode=\"thrv_dynamic_data_date\" data-shortcode-name=\"Year (2029)\">2025<\/span> \u00a9 <span style=\"font-size: 16px !important;\">Ecole Internationale du Rire<\/span> &#8211; Tous droits r\u00e9serv\u00e9s pour tous les pays<\/p>\n<p style=\"text-align: center;\">Site Internet con\u00e7u et r\u00e9alis\u00e9 par <span style=\"font-size: 16px !important;\">E-Xpertise Agency<\/span><\/p>\n","protected":false},"excerpt":{"rendered":"<p>Pour s\u00e9curiser ta place dans la formation de Coach de rire, remplis le formulaire ci-dessous: [tcb-script async=\u00a0\u00bb\u00a0\u00bb src=\u00a0\u00bb\/\/tinder.thrivecart.com\/embed\/v2\/thrivecart.js\u00a0\u00bb id=\u00a0\u00bbtc-ecoledurire-47-C427WH\u00a0\u00bb][\/tcb-script] Voici ce que tu obtiens en s\u00e9curisant ta place d\u00e8s maintenant: La formation certifiante pour devenir un Coach de Rire Un protocole solide, une m\u00e9thode \u00e9prouv\u00e9e, issue de trois expertises puissantes.\u00a0Cette formation est le fruit de [&hellip;]<\/p>\n","protected":false},"author":1,"featured_media":0,"parent":0,"menu_order":0,"comment_status":"closed","ping_status":"closed","template":"","meta":{"footnotes":""},"folder":[25],"class_list":["post-805","page","type-page","status-publish","hentry","post-wrapper","thrv_wrapper"],"_links":{"self":[{"href":"https:\/\/ecoledurire.com\/go\/wp-json\/wp\/v2\/pages\/805","targetHints":{"allow":["GET"]}}],"collection":[{"href":"https:\/\/ecoledurire.com\/go\/wp-json\/wp\/v2\/pages"}],"about":[{"href":"https:\/\/ecoledurire.com\/go\/wp-json\/wp\/v2\/types\/page"}],"author":[{"embeddable":true,"href":"https:\/\/ecoledurire.com\/go\/wp-json\/wp\/v2\/users\/1"}],"replies":[{"embeddable":true,"href":"https:\/\/ecoledurire.com\/go\/wp-json\/wp\/v2\/comments?post=805"}],"version-history":[{"count":5,"href":"https:\/\/ecoledurire.com\/go\/wp-json\/wp\/v2\/pages\/805\/revisions"}],"predecessor-version":[{"id":1382,"href":"https:\/\/ecoledurire.com\/go\/wp-json\/wp\/v2\/pages\/805\/revisions\/1382"}],"wp:attachment":[{"href":"https:\/\/ecoledurire.com\/go\/wp-json\/wp\/v2\/media?parent=805"}],"wp:term":[{"taxonomy":"folder","embeddable":true,"href":"https:\/\/ecoledurire.com\/go\/wp-json\/wp\/v2\/folder?post=805"}],"curies":[{"name":"wp","href":"https:\/\/api.w.org\/{rel}","templated":true}]}}